{"id":2,"date":"2025-03-27T14:58:02","date_gmt":"2025-03-27T14:58:02","guid":{"rendered":"http:\/\/gator4463\/cgi\/addon_GT.cgi?s=GT::WP::Install::Cpanel+%28kmlijqte%29+-+127.0.0.1+%5Bnocaller%5D\/?page_id=2"},"modified":"2025-05-13T21:59:30","modified_gmt":"2025-05-13T21:59:30","slug":"terapias-hormonales","status":"publish","type":"page","link":"https:\/\/antiagexperts.com\/en\/terapias-hormonales\/","title":{"rendered":"Hormonal Therapies for Men and Women"},"content":{"rendered":"<div class=\"nfd-container nfd-py-lg nfd-theme-white nfd-bg-surface nfd-wb-text__text-36 is-style-nfd-theme-white wp-block-group is-layout-constrained wp-block-group-is-layout-constrained\">\n<div class=\"nfd-gap-4xl nfd-gap-y-2xl wp-block-columns is-layout-flex wp-container-core-columns-is-layout-28f84493 wp-block-columns-is-layout-flex\">\n<div class=\"wp-block-column is-layout-flow wp-block-column-is-layout-flow\">\n<figure class=\"wp-block-image size-full\"><img data-recalc-dims=\"1\" decoding=\"async\" width=\"600\" height=\"600\" loading=\"lazy\" src=\"https:\/\/i0.wp.com\/antiagexperts.com\/wp-content\/uploads\/2025\/03\/hormonal-hombres-f1.png?resize=600%2C600&#038;ssl=1\" alt=\"\" class=\"wp-image-128\" srcset=\"https:\/\/i0.wp.com\/antiagexperts.com\/wp-content\/uploads\/2025\/03\/hormonal-hombres-f1.png?w=600&amp;ssl=1 600w, https:\/\/i0.wp.com\/antiagexperts.com\/wp-content\/uploads\/2025\/03\/hormonal-hombres-f1.png?resize=300%2C300&amp;ssl=1 300w, https:\/\/i0.wp.com\/antiagexperts.com\/wp-content\/uploads\/2025\/03\/hormonal-hombres-f1.png?resize=150%2C150&amp;ssl=1 150w\" sizes=\"auto, (max-width: 600px) 100vw, 600px\" \/><\/figure>\n<\/div>\n\n\n\n<div class=\"wp-block-column is-vertically-aligned-center is-layout-flow wp-block-column-is-layout-flow\">\n<div class=\"nfd-container nfd-gap-3xl wp-block-group is-vertical is-content-justification-stretch is-layout-flex wp-container-core-group-is-layout-353c4f5a wp-block-group-is-layout-flex\">\n<div class=\"nfd-gap-lg wp-block-group is-vertical is-content-justification-stretch is-layout-flex wp-container-core-group-is-layout-03ea0e6e wp-block-group-is-layout-flex\">\n<div class=\"nfd-gap-md wp-block-group is-vertical is-layout-flex wp-container-core-group-is-layout-fe9cc265 wp-block-group-is-layout-flex\">\n<h2 class=\"nfd-text-xl nfd-text-balance nfd-text-contrast wp-block-heading has-text-align-center\"><strong>Hormonal Treatment for Men<\/strong><\/h2>\n<\/div>\n\n\n\n<p class=\"nfd-text-md nfd-text-faded nfd-text-balance\">Get the best performance and results from your exercise routine. Our testosterone treatment helps you feel younger, with more vitality and maintain multiple benefits.<\/p>\n\n\n\n<p class=\"nfd-text-md nfd-text-faded nfd-text-balance\">In addition, growth hormone plays an important role in bone growth, especially in young men, as it influences bone and muscle health.<\/p>\n<\/div>\n\n\n\n<div class=\"wp-block-jetpack-send-a-message\">\n<div class=\"wp-block-jetpack-whatsapp-button aligncenter is-color-dark\"><a class=\"whatsapp-block__button\" href=\"https:\/\/api.whatsapp.com\/send?phone=50689111212&amp;text=Hola!%0A%C2%BFMe%20podr%C3%ADan%20brindar%20m%C3%A1s%20informaci%C3%B3n%20sobre%20el%20trataminento%20Hormonal%3F\" style=\"background-color:#25D366;color:#fff\" target=\"_self\" rel=\"noopener noreferrer\">Schedule an Appointment<\/a><\/div>\n<\/div>\n\n\n\n<div class=\"nfd-gap-md nfd-p-card-md nfd-rounded-sm nfd-text-base nfd-theme-light nfd-bg-surface is-style-nfd-theme-light wp-block-group wp-container-content-9cfa9a5a is-vertical is-layout-flex wp-container-core-group-is-layout-fe9cc265 wp-block-group-is-layout-flex\">\n<p class=\"nfd-text-contrast\"><strong><strong>Benefits<\/strong><\/strong><\/p>\n\n\n\n<ul style=\"padding-right:1em;padding-left:1em\" class=\"nfd-gap-sm nfd-text-faded nfd-text-opacity-80  wp-block-list\">\n<li class=\"\">Growth hormone.<\/li>\n\n\n\n<li class=\"\">Increases muscle mass and strength.<\/li>\n\n\n\n<li class=\"\">Fat distribution and body fat reduction.<\/li>\n\n\n\n<li class=\"\">Sexual drive.<\/li>\n\n\n\n<li class=\"\">Sperm production.<\/li>\n\n\n\n<li class=\"\">Facial and body hair.<\/li>\n\n\n\n<li class=\"\">Red blood cell production.<\/li>\n\n\n\n<li class=\"\">Increases bone density.<\/li>\n\n\n\n<li class=\"\">Increases exercise capacity.<\/li>\n<\/ul>\n<\/div>\n<\/div>\n<\/div>\n<\/div>\n<\/div>\n\n\n\n<div class=\"nfd-container nfd-py-lg nfd-theme-white nfd-bg-surface nfd-wb-text__text-36 is-style-nfd-theme-white wp-block-group has-base-color has-text-color has-background has-link-color wp-elements-bfaaeeda784cc64dab1c33df0acb29e1 is-layout-constrained wp-block-group-is-layout-constrained\" style=\"background-color:#203646\">\n<div class=\"nfd-gap-4xl nfd-gap-y-2xl wp-block-columns is-layout-flex wp-container-core-columns-is-layout-28f84493 wp-block-columns-is-layout-flex\">\n<div class=\"wp-block-column is-layout-flow wp-block-column-is-layout-flow\">\n<figure class=\"wp-block-image size-full\"><img data-recalc-dims=\"1\" decoding=\"async\" width=\"600\" height=\"600\" loading=\"lazy\" src=\"https:\/\/i0.wp.com\/antiagexperts.com\/wp-content\/uploads\/2025\/03\/hormonal-mujeres1.png?resize=600%2C600&#038;ssl=1\" alt=\"\" class=\"wp-image-24\" srcset=\"https:\/\/i0.wp.com\/antiagexperts.com\/wp-content\/uploads\/2025\/03\/hormonal-mujeres1.png?w=600&amp;ssl=1 600w, https:\/\/i0.wp.com\/antiagexperts.com\/wp-content\/uploads\/2025\/03\/hormonal-mujeres1.png?resize=300%2C300&amp;ssl=1 300w, https:\/\/i0.wp.com\/antiagexperts.com\/wp-content\/uploads\/2025\/03\/hormonal-mujeres1.png?resize=150%2C150&amp;ssl=1 150w\" sizes=\"auto, (max-width: 600px) 100vw, 600px\" \/><\/figure>\n<\/div>\n\n\n\n<div class=\"wp-block-column is-vertically-aligned-center is-layout-flow wp-block-column-is-layout-flow\">\n<div class=\"nfd-container nfd-gap-3xl wp-block-group is-vertical is-content-justification-stretch is-layout-flex wp-container-core-group-is-layout-353c4f5a wp-block-group-is-layout-flex\">\n<div class=\"nfd-gap-lg wp-block-group is-vertical is-content-justification-stretch is-layout-flex wp-container-core-group-is-layout-03ea0e6e wp-block-group-is-layout-flex\">\n<div class=\"nfd-gap-md wp-block-group is-vertical is-layout-flex wp-container-core-group-is-layout-fe9cc265 wp-block-group-is-layout-flex\">\n<h2 class=\"nfd-text-xl nfd-text-balance nfd-text-contrast wp-block-heading has-text-align-center has-base-color has-text-color has-link-color wp-elements-bf893a86a162287e788f2916780d4e3f\"><strong>Hormone Replacement Therapy for Women<\/strong><\/h2>\n<\/div>\n\n\n\n<p class=\"nfd-text-md nfd-text-faded nfd-text-balance has-base-color has-text-color has-link-color wp-elements-cf67ac1b9cdc7205f3b6c3e44e3a0a16\">Hormone replacement therapy is a highly effective treatment for women with low hormone levels. Its goal is not to treat a disease per se, but to improve quality of life by restoring the hormonal balance that naturally declines with age. This allows optimal and safe hormone levels to be maintained, helping to prevent and alleviate a number of symptoms that affect overall well-being.<\/p>\n\n\n\n<p class=\"nfd-text-md nfd-text-faded nfd-text-balance has-base-color has-text-color has-link-color wp-elements-51ce2abfe247a687268c5e6a593f851b\"><strong>Before starting the treatment, we perform a complete medical study.<\/strong>, including clinical history and laboratory tests, to determine if the treatment is appropriate and safe for each patient.<\/p>\n\n\n\n<p class=\"nfd-text-md nfd-text-faded nfd-text-balance has-base-color has-text-color has-link-color wp-elements-1a50eed8999715e21730f06c036c289c\">Shockwave therapy is an innovative and effective solution to treat erectile dysfunction from its root cause: vascular problems. Regain your confidence and quality of life!<\/p>\n<\/div>\n\n\n\n<div class=\"wp-block-jetpack-send-a-message\">\n<div class=\"wp-block-jetpack-whatsapp-button aligncenter is-color-dark\"><a class=\"whatsapp-block__button\" href=\"https:\/\/api.whatsapp.com\/send?phone=50689111212&amp;text=Hola!%0A%C2%BFMe%20podr%C3%ADan%20brindar%20m%C3%A1s%20informaci%C3%B3n%20sobre%20el%20trataminento%20Hormonal%3F\" style=\"background-color:#25D366;color:#fff\" target=\"_self\" rel=\"noopener noreferrer\">Schedule an Appointment<\/a><\/div>\n<\/div>\n\n\n\n<div class=\"nfd-gap-md nfd-p-card-md nfd-rounded-sm nfd-text-base nfd-theme-light nfd-bg-surface is-style-nfd-theme-light wp-block-group wp-container-content-9cfa9a5a is-vertical is-layout-flex wp-container-core-group-is-layout-fe9cc265 wp-block-group-is-layout-flex\">\n<p class=\"nfd-text-contrast\"><strong><strong>Benefits<\/strong><\/strong><\/p>\n\n\n\n<ul style=\"padding-right:1em;padding-left:1em\" class=\"nfd-gap-sm nfd-text-faded nfd-text-opacity-80  wp-block-list\">\n<li class=\"\">Increased energy and vitality<\/li>\n\n\n\n<li class=\"\">Reduction of stress, nervousness and irritability<\/li>\n\n\n\n<li class=\"\">Reduction of body fat<\/li>\n\n\n\n<li class=\"\">Better sleep quality<\/li>\n\n\n\n<li class=\"\">Increased libido and sexual well-being<\/li>\n\n\n\n<li class=\"\">Increased muscle strength and endurance<\/li>\n\n\n\n<li class=\"\">Improved concentration and cognitive function<\/li>\n\n\n\n<li class=\"\">Relief of joint pain and improvement of mobility<\/li>\n\n\n\n<li class=\"\">Reduction of ocular and vaginal dryness<\/li>\n\n\n\n<li class=\"\">Improved circulation and prevention of varicose veins<\/li>\n\n\n\n<li class=\"\">Reduced sensitivity to pain.<\/li>\n<\/ul>\n<\/div>\n<\/div>\n<\/div>\n<\/div>\n<\/div>\n\n\n\n<div class=\"nfd-container nfd-py-lg nfd-theme-white nfd-bg-surface nfd-wb-text__text-36 is-style-nfd-theme-white wp-block-group has-base-background-color has-background is-layout-constrained wp-block-group-is-layout-constrained\">\n<div class=\"nfd-gap-4xl nfd-gap-y-2xl wp-block-columns is-layout-flex wp-container-core-columns-is-layout-28f84493 wp-block-columns-is-layout-flex\">\n<div class=\"wp-block-column is-vertically-aligned-center is-layout-flow wp-block-column-is-layout-flow\">\n<div class=\"nfd-container nfd-gap-3xl wp-block-group is-vertical is-content-justification-stretch is-layout-flex wp-container-core-group-is-layout-353c4f5a wp-block-group-is-layout-flex\">\n<div class=\"nfd-gap-lg wp-block-group is-vertical is-content-justification-stretch is-layout-flex wp-container-core-group-is-layout-03ea0e6e wp-block-group-is-layout-flex\">\n<div class=\"nfd-gap-md wp-block-group is-vertical is-layout-flex wp-container-core-group-is-layout-fe9cc265 wp-block-group-is-layout-flex\">\n<h2 class=\"nfd-text-xl nfd-text-balance nfd-text-contrast wp-block-heading has-text-align-center has-contrast-color has-text-color has-link-color wp-elements-bf30641bef8401709a7470dbfb84b59b\"><strong>Hormone Replacement Therapy for Men<\/strong><\/h2>\n<\/div>\n\n\n\n<p class=\"nfd-text-md nfd-text-faded nfd-text-balance has-text-align-right has-contrast-color has-text-color has-link-color wp-elements-01a22b76c1530d4870cbcc57399cbcbd\">Regain your energy and well-being with our specialized treatment for low hormone levels. Before starting, we perform a complete medical study to ensure your safety and suitability for the treatment.<\/p>\n\n\n\n<p class=\"nfd-text-md nfd-text-faded nfd-text-balance has-text-align-right has-contrast-color has-text-color has-link-color wp-elements-2531c047bcacfef79033108ea810cd5e\">In addition, growth hormone plays an important role in bone growth, especially in young men, as it influences bone and muscle health.<\/p>\n<\/div>\n\n\n\n<div class=\"wp-block-jetpack-send-a-message\">\n<div class=\"wp-block-jetpack-whatsapp-button aligncenter is-color-dark\"><a class=\"whatsapp-block__button\" href=\"https:\/\/api.whatsapp.com\/send?phone=50689111212&amp;text=Hola!%0A%C2%BFMe%20podr%C3%ADan%20brindar%20m%C3%A1s%20informaci%C3%B3n%20sobre%20el%20trataminento%20Hormonal%3F\" style=\"background-color:#25D366;color:#fff\" target=\"_self\" rel=\"noopener noreferrer\">Schedule an Appointment<\/a><\/div>\n<\/div>\n\n\n\n<div class=\"nfd-gap-md nfd-p-card-md nfd-rounded-sm nfd-text-base nfd-theme-light nfd-bg-surface is-style-nfd-theme-light wp-block-group wp-container-content-9cfa9a5a is-vertical is-layout-flex wp-container-core-group-is-layout-fe9cc265 wp-block-group-is-layout-flex\">\n<p class=\"nfd-text-contrast\"><strong><strong>Benefit<\/strong><\/strong>s:<br>\u2714 More energy and vitality<br>\u2714 Improved sleep quality<br>\u2714 Increased libido and muscle strength.<br>\u2714 Increased concentration and confidence<br>\u2714 Reduction of body fat and joint pain.<\/p>\n\n\n\n<p class=\"nfd-text-contrast\">\ud83d\udd39 <strong>Treatment options:<\/strong><br>\u2714 Testosterone therapy (men and women).<br>\u2714 Estrogen therapy (women).<br>\u2714 Growth hormone therapy (men).<\/p>\n<\/div>\n<\/div>\n<\/div>\n\n\n\n<div class=\"wp-block-column is-layout-flow wp-block-column-is-layout-flow\">\n<figure class=\"wp-block-image size-full\"><img data-recalc-dims=\"1\" decoding=\"async\" width=\"600\" height=\"600\" loading=\"lazy\" src=\"https:\/\/i0.wp.com\/antiagexperts.com\/wp-content\/uploads\/2025\/03\/3.jpg?resize=600%2C600&#038;ssl=1\" alt=\"\" class=\"wp-image-25\" srcset=\"https:\/\/i0.wp.com\/antiagexperts.com\/wp-content\/uploads\/2025\/03\/3.jpg?w=600&amp;ssl=1 600w, https:\/\/i0.wp.com\/antiagexperts.com\/wp-content\/uploads\/2025\/03\/3.jpg?resize=300%2C300&amp;ssl=1 300w, https:\/\/i0.wp.com\/antiagexperts.com\/wp-content\/uploads\/2025\/03\/3.jpg?resize=150%2C150&amp;ssl=1 150w\" sizes=\"auto, (max-width: 600px) 100vw, 600px\" \/><\/figure>\n<\/div>\n<\/div>\n<\/div>\n\n\n\n<div class=\"nfd-container nfd-py-lg nfd-theme-white nfd-bg-surface nfd-wb-text__text-36 is-style-nfd-theme-white wp-block-group has-background is-layout-constrained wp-block-group-is-layout-constrained\" style=\"background:linear-gradient(180deg,rgb(32,54,70) 99%,rgb(255,255,255) 100%)\">\n<div class=\"nfd-gap-4xl nfd-gap-y-2xl wp-block-columns is-layout-flex wp-container-core-columns-is-layout-28f84493 wp-block-columns-is-layout-flex\">\n<div class=\"wp-block-column is-vertically-aligned-center is-layout-flow wp-block-column-is-layout-flow\">\n<div class=\"nfd-container nfd-gap-3xl wp-block-group is-vertical is-content-justification-stretch is-layout-flex wp-container-core-group-is-layout-353c4f5a wp-block-group-is-layout-flex\">\n<div class=\"nfd-gap-lg wp-block-group is-vertical is-content-justification-stretch is-layout-flex wp-container-core-group-is-layout-03ea0e6e wp-block-group-is-layout-flex\">\n<div class=\"nfd-gap-md wp-block-group is-vertical is-layout-flex wp-container-core-group-is-layout-fe9cc265 wp-block-group-is-layout-flex\">\n<h2 class=\"nfd-text-xl nfd-text-balance nfd-text-contrast wp-block-heading has-text-align-center has-base-color has-text-color has-link-color wp-elements-3f8ce8ed0d3ae9bf2f2667ad039a1c4d\"><strong>Human Growth Hormone (HGH)<\/strong><\/h2>\n<\/div>\n\n\n\n<p class=\"nfd-text-md nfd-text-faded nfd-text-balance has-text-align-right has-base-color has-text-color has-link-color wp-elements-345de45dacc8db44d836412124668804\">Human growth hormone (HGH), also known as somatotropin, is produced by somatotropic cells in the anterior pituitary gland.<\/p>\n\n\n\n<p class=\"nfd-text-md nfd-text-faded nfd-text-balance has-text-align-right has-base-color has-text-color has-link-color wp-elements-f2b5809e6c35af55fe0c503a734bb4bb\">It is responsible for regulating growth during infancy, but research has shown that HGH also regulates many other basal metabolic functions of the body and acts as a reactant in the acute phase of stress.<\/p>\n\n\n\n<p class=\"nfd-text-md nfd-text-faded nfd-text-balance has-text-align-right has-base-color has-text-color has-link-color wp-elements-33f6eb3a54fddd4d4d60f025be0f4a12\">HGH deficiency in adults is a growing concern....<\/p>\n\n\n\n<p class=\"nfd-text-md nfd-text-faded nfd-text-balance has-text-align-right has-base-color has-text-color has-link-color wp-elements-6b1cbf768d50b1c9c81f576750e8006e\">In addition, growth hormone plays an important role in bone growth, especially in young men, as it influences bone and muscle health.<\/p>\n<\/div>\n\n\n\n<div class=\"wp-block-jetpack-send-a-message\">\n<div class=\"wp-block-jetpack-whatsapp-button aligncenter is-color-dark\"><a class=\"whatsapp-block__button\" href=\"https:\/\/api.whatsapp.com\/send?phone=50689111212&amp;text=Hola!%0A%C2%BFMe%20podr%C3%ADan%20brindar%20m%C3%A1s%20informaci%C3%B3n%20sobre%20el%20trataminento%20para%20Hormona%20de%20Crecimiento%3F\" style=\"background-color:#25D366;color:#fff\" target=\"_self\" rel=\"noopener noreferrer\">Schedule an Appointment<\/a><\/div>\n<\/div>\n\n\n\n<div class=\"nfd-gap-md nfd-p-card-md nfd-rounded-sm nfd-text-base nfd-theme-light nfd-bg-surface is-style-nfd-theme-light wp-block-group wp-container-content-9cfa9a5a is-vertical is-layout-flex wp-container-core-group-is-layout-fe9cc265 wp-block-group-is-layout-flex\">\n<p class=\"nfd-text-contrast\"><strong><strong>Adults with HGH deficiency often experience<\/strong><\/strong>s:<\/p>\n\n\n\n<ul class=\"wp-block-list\">\n<li class=\"\">Decrease in skeletal muscle mass<\/li>\n\n\n\n<li class=\"\">Increased fat mass in visceral tissue<\/li>\n\n\n\n<li class=\"\">Decreased bone density and remodeling, leading to osteoporosis<\/li>\n\n\n\n<li class=\"\">Dyslipidemia and insulin resistance, which can cause secondary cardiovascular dysfunction.<\/li>\n\n\n\n<li class=\"\">Depressed mood, increased anxiety, and lack of energy.<\/li>\n<\/ul>\n<\/div>\n<\/div>\n<\/div>\n\n\n\n<div class=\"wp-block-column is-layout-flow wp-block-column-is-layout-flow\">\n<figure class=\"wp-block-image size-full\"><img data-recalc-dims=\"1\" decoding=\"async\" width=\"600\" height=\"600\" loading=\"lazy\" src=\"https:\/\/i0.wp.com\/antiagexperts.com\/wp-content\/uploads\/2025\/03\/mixtos-1.jpg?resize=600%2C600&#038;ssl=1\" alt=\"\" class=\"wp-image-132\" srcset=\"https:\/\/i0.wp.com\/antiagexperts.com\/wp-content\/uploads\/2025\/03\/mixtos-1.jpg?w=600&amp;ssl=1 600w, https:\/\/i0.wp.com\/antiagexperts.com\/wp-content\/uploads\/2025\/03\/mixtos-1.jpg?resize=300%2C300&amp;ssl=1 300w, https:\/\/i0.wp.com\/antiagexperts.com\/wp-content\/uploads\/2025\/03\/mixtos-1.jpg?resize=150%2C150&amp;ssl=1 150w\" sizes=\"auto, (max-width: 600px) 100vw, 600px\" \/><\/figure>\n<\/div>\n<\/div>\n<\/div>","protected":false},"excerpt":{"rendered":"<p>Tratamiento Hormonal para Hombres Obt\u00e9n el mejor rendimiento y resultados de tu rutina de ejercicios. Nuestro tratamiento con testosterona te ayuda a sentirte m\u00e1s joven, con m\u00e1s vitalidad y a mantener m\u00faltiples beneficios Adem\u00e1s, la hormona de crecimiento juega un papel importante en el crecimiento \u00f3seo, especialmente en los hombres j\u00f3venes, ya que influye en [&hellip;]<\/p>\n","protected":false},"author":1,"featured_media":0,"parent":0,"menu_order":0,"comment_status":"closed","ping_status":"closed","template":"","meta":{"nf_dc_page":"","om_disable_all_campaigns":false,"_monsterinsights_skip_tracking":false,"_monsterinsights_sitenote_active":false,"_monsterinsights_sitenote_note":"","_monsterinsights_sitenote_category":0,"footnotes":""},"class_list":["post-2","page","type-page","status-publish","hentry"],"jetpack_sharing_enabled":true,"_links":{"self":[{"href":"https:\/\/antiagexperts.com\/en\/wp-json\/wp\/v2\/pages\/2","targetHints":{"allow":["GET"]}}],"collection":[{"href":"https:\/\/antiagexperts.com\/en\/wp-json\/wp\/v2\/pages"}],"about":[{"href":"https:\/\/antiagexperts.com\/en\/wp-json\/wp\/v2\/types\/page"}],"author":[{"embeddable":true,"href":"https:\/\/antiagexperts.com\/en\/wp-json\/wp\/v2\/users\/1"}],"replies":[{"embeddable":true,"href":"https:\/\/antiagexperts.com\/en\/wp-json\/wp\/v2\/comments?post=2"}],"version-history":[{"count":5,"href":"https:\/\/antiagexperts.com\/en\/wp-json\/wp\/v2\/pages\/2\/revisions"}],"predecessor-version":[{"id":342,"href":"https:\/\/antiagexperts.com\/en\/wp-json\/wp\/v2\/pages\/2\/revisions\/342"}],"wp:attachment":[{"href":"https:\/\/antiagexperts.com\/en\/wp-json\/wp\/v2\/media?parent=2"}],"curies":[{"name":"wp","href":"https:\/\/api.w.org\/{rel}","templated":true}]}}