{"id":13,"date":"2025-03-27T15:11:49","date_gmt":"2025-03-27T15:11:49","guid":{"rendered":"https:\/\/antiagexperts.com\/contact\/"},"modified":"2025-05-13T15:08:44","modified_gmt":"2025-05-13T15:08:44","slug":"contact","status":"publish","type":"page","link":"https:\/\/antiagexperts.com\/en\/contact\/","title":{"rendered":"Contact"},"content":{"rendered":"<div class=\"nfd-container nfd-p-0 wp-block-group alignfull has-white-color has-text-color has-background is-layout-constrained wp-container-core-group-is-layout-e555385e wp-block-group-is-layout-constrained\" style=\"background:linear-gradient(0deg,rgba(255,255,255,0) 16%,rgb(22,26,29) 16%)\">\n<div class=\"nfd-my-0 nfd-p-lg nfd-gap-xl wp-block-group alignwide is-vertical is-content-justification-center is-layout-flex wp-container-core-group-is-layout-ce155fab wp-block-group-is-layout-flex\">\n<h1 class=\"nfd-text-current nfd-text-giga wp-block-heading has-text-align-center\">\u00a1Estamos aqu\u00ed para ayudarte!<\/h1>\n\n\n\n<div class=\"nfd-text-md nfd-text-opacity-80 wp-block-group is-layout-constrained wp-container-core-group-is-layout-ff55baa2 wp-block-group-is-layout-constrained\">\n<p class=\"has-text-align-center\">Nos encantar\u00eda responder tus preguntas y escuchar tus sugerencias. No dudes en ponerte en contacto con nosotros; tu opini\u00f3n es muy importante para mejorar nuestros servicios. \u00a1Estamos listos para atenderte y ayudarte con lo que necesites!<\/p>\n<\/div>\n<\/div>\n\n\n\n<div class=\"wp-block-group has-border-color has-white-background-color has-background is-content-justification-left is-layout-flex wp-container-core-group-is-layout-751a8721 wp-block-group-is-layout-flex\" style=\"border-color:#00000017;border-width:1px;border-radius:19px;padding-top:4px;padding-right:4px;padding-bottom:4px;padding-left:4px\">\n<div class=\"nfd-p-md md:nfd-basis-full nfd-bg-surface nfd-theme-white is-style-nfd-theme-white wp-block-group wp-container-content-6d18316b is-layout-constrained wp-container-core-group-is-layout-70f4fdbb wp-block-group-is-layout-constrained\" style=\"border-top-left-radius:0px;border-top-right-radius:16px;border-bottom-left-radius:0px;border-bottom-right-radius:16px\"><div class=\"wp-block-jetpack-contact-form is-style-default nfd-jp-form\"><a href=\"https:\/\/antiagexperts.com\/en\/contact\/\" target=\"_blank\" rel=\"noopener noreferrer\">Submit a form.<\/a><\/div><\/div>\n\n\n\n<div class=\"nfd-p-md nfd-bg-gray-800 nfd-text-base md:nfd-basis-full nfd-bg-surface nfd-theme-darker is-style-nfd-theme-darker wp-block-group wp-container-content-01c117f0 is-vertical is-content-justification-left is-layout-flex wp-container-core-group-is-layout-95b9bda4 wp-block-group-is-layout-flex\" style=\"border-radius:16px\">\n<div class=\"wp-block-group is-layout-constrained wp-container-core-group-is-layout-6141fbbf wp-block-group-is-layout-constrained\">\n<div class=\"wp-block-group is-layout-constrained wp-container-core-group-is-layout-334a2726 wp-block-group-is-layout-constrained\">\n<p class=\"has-text-align-center\"><strong>Costa Rica<\/strong><\/p>\n\n\n\n<p class=\"nfd-text-opacity-80 nfd-text-sm has-text-align-center\">7a. avenida Entre Calles 3 y 5 Desde Edificio INS 250 metros Oeste, San Jos\u00e9, 10101<\/p>\n\n\n\n<p class=\"nfd-text-opacity-80 nfd-text-sm has-text-align-center has-base-color has-text-color has-link-color wp-elements-c3cea9ee0f9416432a8ac97ef395d1b6\"><a href=\"https:\/\/wa.me\/50689111212\" target=\"_blank\" rel=\"noopener\"><strong>+506 8911 1212<\/strong><\/a><br>accaacr@gmail.com<\/p>\n<\/div>\n\n\n\n<div class=\"wp-block-group is-layout-constrained wp-container-core-group-is-layout-334a2726 wp-block-group-is-layout-constrained\">\n<p class=\"\"><\/p>\n<\/div>\n<\/div>\n<\/div>\n<\/div>\n<\/div>\n\n\n\n<div class=\"nfd-container nfd-p-md nfd-theme-white nfd-bg-surface is-style-nfd-theme-white wp-block-group is-layout-constrained wp-block-group-is-layout-constrained\">\n<div class=\"nfd-text-pretty nfd-max-w-prose nfd-text-lg wp-block-group is-vertical is-content-justification-stretch is-layout-flex wp-container-core-group-is-layout-353c4f5a wp-block-group-is-layout-flex\">\n<div class=\"nfd-text-base wp-block-group is-content-justification-space-between is-layout-flex wp-container-core-group-is-layout-9366075c wp-block-group-is-layout-flex\"><\/div>\n<\/div>\n<\/div>\n\n\n\n<p class=\"\"><\/p>","protected":false},"excerpt":{"rendered":"<p>\u00a1Estamos aqu\u00ed para ayudarte! Nos encantar\u00eda responder tus preguntas y escuchar tus sugerencias. No dudes en ponerte en contacto con nosotros; tu opini\u00f3n es muy importante para mejorar nuestros servicios. \u00a1Estamos listos para atenderte y ayudarte con lo que necesites! Costa Rica 7a. avenida Entre Calles 3 y 5 Desde Edificio INS 250 metros Oeste, [&hellip;]<\/p>\n","protected":false},"author":1,"featured_media":0,"parent":0,"menu_order":0,"comment_status":"closed","ping_status":"closed","template":"","meta":{"nf_dc_page":"","om_disable_all_campaigns":false,"_monsterinsights_skip_tracking":false,"_monsterinsights_sitenote_active":false,"_monsterinsights_sitenote_note":"","_monsterinsights_sitenote_category":0,"footnotes":""},"class_list":["post-13","page","type-page","status-publish","hentry"],"jetpack_sharing_enabled":true,"_links":{"self":[{"href":"https:\/\/antiagexperts.com\/en\/wp-json\/wp\/v2\/pages\/13","targetHints":{"allow":["GET"]}}],"collection":[{"href":"https:\/\/antiagexperts.com\/en\/wp-json\/wp\/v2\/pages"}],"about":[{"href":"https:\/\/antiagexperts.com\/en\/wp-json\/wp\/v2\/types\/page"}],"author":[{"embeddable":true,"href":"https:\/\/antiagexperts.com\/en\/wp-json\/wp\/v2\/users\/1"}],"replies":[{"embeddable":true,"href":"https:\/\/antiagexperts.com\/en\/wp-json\/wp\/v2\/comments?post=13"}],"version-history":[{"count":5,"href":"https:\/\/antiagexperts.com\/en\/wp-json\/wp\/v2\/pages\/13\/revisions"}],"predecessor-version":[{"id":288,"href":"https:\/\/antiagexperts.com\/en\/wp-json\/wp\/v2\/pages\/13\/revisions\/288"}],"wp:attachment":[{"href":"https:\/\/antiagexperts.com\/en\/wp-json\/wp\/v2\/media?parent=13"}],"curies":[{"name":"wp","href":"https:\/\/api.w.org\/{rel}","templated":true}]}}